{"id":2,"date":"2023-11-17T18:02:22","date_gmt":"2023-11-17T17:02:22","guid":{"rendered":"http:\/\/www.ochmiansky.fr\/?page_id=2"},"modified":"2023-11-28T11:45:49","modified_gmt":"2023-11-28T10:45:49","slug":"page-d-exemple","status":"publish","type":"page","link":"https:\/\/www.ochmiansky.fr\/","title":{"rendered":"Igor Ochmiansky Photographe"},"content":{"rendered":"<p>[et_pb_section fb_built=\u00a0\u00bb1&Prime; _builder_version=\u00a0\u00bb4.23.1&Prime; _module_preset=\u00a0\u00bbdefault\u00a0\u00bb background_color=\u00a0\u00bb#000000&Prime; min_height=\u00a0\u00bb688.2px\u00a0\u00bb custom_margin=\u00a0\u00bb||-73px|||\u00a0\u00bb custom_padding=\u00a0\u00bb|7px|22px|||\u00a0\u00bb global_colors_info=\u00a0\u00bb{}\u00a0\u00bb][et_pb_row _builder_version=\u00a0\u00bb4.23.1&Prime; _module_preset=\u00a0\u00bbdefault\u00a0\u00bb custom_margin=\u00a0\u00bb-153px|auto||auto||\u00a0\u00bb min_height=\u00a0\u00bb118px\u00a0\u00bb custom_padding=\u00a0\u00bb||31px|||\u00a0\u00bb][et_pb_column _builder_version=\u00a0\u00bb4.23.1&Prime; _module_preset=\u00a0\u00bbdefault\u00a0\u00bb type=\u00a0\u00bb4_4&Prime;][et_pb_heading title=\u00a0\u00bbIgor Ochmiansky Photographe\u00a0\u00bb _builder_version=\u00a0\u00bb4.23.1&Prime; _module_preset=\u00a0\u00bbdefault\u00a0\u00bb hover_enabled=\u00a0\u00bb0&Prime; sticky_enabled=\u00a0\u00bb0&Prime; title_text_color=\u00a0\u00bb#FFFFFF\u00a0\u00bb custom_padding=\u00a0\u00bb43px||0px|||\u00a0\u00bb][\/et_pb_heading][\/et_pb_column][\/et_pb_row][et_pb_row column_structure=\u00a0\u00bb1_3,2_3&Prime; _builder_version=\u00a0\u00bb4.23.1&Prime; _module_preset=\u00a0\u00bbdefault\u00a0\u00bb width=\u00a0\u00bb60%\u00a0\u00bb min_height=\u00a0\u00bb556.9px\u00a0\u00bb custom_margin=\u00a0\u00bb-61px|auto||auto|false|false\u00a0\u00bb custom_padding=\u00a0\u00bb84px||23px|||\u00a0\u00bb global_colors_info=\u00a0\u00bb{}\u00a0\u00bb][et_pb_column type=\u00a0\u00bb1_3&Prime; _builder_version=\u00a0\u00bb4.23.1&Prime; _module_preset=\u00a0\u00bbdefault\u00a0\u00bb global_colors_info=\u00a0\u00bb{}\u00a0\u00bb][et_pb_image src=\u00a0\u00bbhttps:\/\/www.ochmiansky.fr\/wp-content\/uploads\/2023\/11\/DSC_4531-scaled.jpg\u00a0\u00bb alt=\u00a0\u00bbIgor Ochmiansky Photographe\u00a0\u00bb title_text=\u00a0\u00bbIgor Ochmiansky Photographe\u00a0\u00bb admin_label=\u00a0\u00bbIgor Ochmiansky\u00a0\u00bb _builder_version=\u00a0\u00bb4.23.1&Prime; _module_preset=\u00a0\u00bbdefault\u00a0\u00bb animation_style=\u00a0\u00bbfade\u00a0\u00bb box_shadow_style=\u00a0\u00bbpreset4&Prime; box_shadow_vertical=\u00a0\u00bb9px\u00a0\u00bb box_shadow_blur=\u00a0\u00bb16px\u00a0\u00bb box_shadow_spread=\u00a0\u00bb2px\u00a0\u00bb box_shadow_color=\u00a0\u00bb#bfaa6b\u00a0\u00bb global_colors_info=\u00a0\u00bb{}\u00a0\u00bb][\/et_pb_image][et_pb_text _builder_version=\u00a0\u00bb4.23.1&Prime; _module_preset=\u00a0\u00bbdefault\u00a0\u00bb text_font=\u00a0\u00bbTrebuchet|600|||||||\u00a0\u00bb text_text_color=\u00a0\u00bb#0C71C3&Prime; text_font_size=\u00a0\u00bb16px\u00a0\u00bb min_height=\u00a0\u00bb244px\u00a0\u00bb custom_margin=\u00a0\u00bb50px|||||\u00a0\u00bb global_colors_info=\u00a0\u00bb{}\u00a0\u00bb]<\/p>\n<p style=\"text-align: justify;\">Redonner \u00e0 l&rsquo;humain la priorit\u00e9 et l&rsquo;essentiel, sortir des sentiers battus, ouvrir les coeurs.<br \/>Immortaliser le beau et le sublime des \u00e2mes que nous rencontrons voil\u00e0 le merveilleux m\u00e9tier que j&rsquo;ai la joie d&rsquo;exercer. <a href=\"https:\/\/www.ochmiansky.fr\/index.php\/videos\/\" target=\"_blank\" rel=\"noopener\">Un grand nombre d&rsquo;interviews illustrent mon travail de recherche spirituelle de ce monde.<\/a><\/p>\n<p>[\/et_pb_text][\/et_pb_column][et_pb_column type=\u00a0\u00bb2_3&Prime; _builder_version=\u00a0\u00bb4.23.1&Prime; _module_preset=\u00a0\u00bbdefault\u00a0\u00bb global_colors_info=\u00a0\u00bb{}\u00a0\u00bb][et_pb_text _builder_version=\u00a0\u00bb4.23.1&Prime; _module_preset=\u00a0\u00bbdefault\u00a0\u00bb text_font=\u00a0\u00bbTrebuchet|600|||||||\u00a0\u00bb text_text_color=\u00a0\u00bb#0C71C3&Prime; text_font_size=\u00a0\u00bb16px\u00a0\u00bb custom_padding=\u00a0\u00bb||0px|||\u00a0\u00bb global_colors_info=\u00a0\u00bb{}\u00a0\u00bb]<\/p>\n<p style=\"text-align: justify;\"><em>D\u00e9couvrez l&rsquo;art de capturer l&rsquo;essence de l&rsquo;instant avec Igor Ochmiansky. Plongez dans un monde de portraits captivants et de cr\u00e9ations artistiques inspirantes. Laissez-vous surprendre par la beaut\u00e9 et l&rsquo;\u00e9motion qui se d\u00e9gagent de chaque image. Explorez notre galerie en ligne et laissez notre travail vous transporter dans des histoires uniques, remplies d&rsquo;amour, de joie et de passion. Bienvenue dans l&rsquo;univers d&rsquo;Igor Ochmiansky Photographie, o\u00f9 chaque clich\u00e9 raconte une histoire extraordinaire.<\/em><\/p>\n<p>[\/et_pb_text][et_pb_video src=\u00a0\u00bbhttps:\/\/youtu.be\/IcdXPak2Vd0&Prime; _builder_version=\u00a0\u00bb4.23.1&Prime; _module_preset=\u00a0\u00bbdefault\u00a0\u00bb global_colors_info=\u00a0\u00bb{}\u00a0\u00bb][\/et_pb_video][et_pb_text _builder_version=\u00a0\u00bb4.23.1&Prime; _module_preset=\u00a0\u00bbdefault\u00a0\u00bb text_font=\u00a0\u00bb|600|||||||\u00a0\u00bb text_text_color=\u00a0\u00bb#0C71C3&Prime; text_font_size=\u00a0\u00bb15px\u00a0\u00bb text_orientation=\u00a0\u00bbjustified\u00a0\u00bb custom_margin=\u00a0\u00bb||1px|||\u00a0\u00bb global_colors_info=\u00a0\u00bb{}\u00a0\u00bb]<\/p>\n<p class=\"p1\">\u0391\u03bd\u03b1\u03ba\u03b1\u03bb\u03cd\u03c8\u03c4\u03b5 \u03c4\u03b7\u03bd \u03c4\u03ad\u03c7\u03bd\u03b7 \u03c4\u03b7\u03c2 \u03b1\u03c0\u03bf\u03c4\u03cd\u03c0\u03c9\u03c3\u03b7\u03c2 \u03c4\u03b7\u03c2 \u03bf\u03c5\u03c3\u03af\u03b1\u03c2 \u03c4\u03b7\u03c2 \u03c3\u03c4\u03b9\u03b3\u03bc\u03ae\u03c2 \u03bc\u03b5 \u03c4\u03bf\u03bd Igor Ochmiansky. \u0392\u03c5\u03b8\u03b9\u03c3\u03c4\u03b5\u03af\u03c4\u03b5 \u03c3\u03b5 \u03ad\u03bd\u03b1\u03bd \u03ba\u03cc\u03c3\u03bc\u03bf \u03bc\u03b5 \u03bc\u03b1\u03b3\u03b5\u03c5\u03c4\u03b9\u03ba\u03ac \u03c0\u03bf\u03c1\u03c4\u03c1\u03ad\u03c4\u03b1 \u03ba\u03b1\u03b9 \u03b5\u03bc\u03c0\u03bd\u03b5\u03c5\u03c3\u03bc\u03ad\u03bd\u03b5\u03c2 \u03ba\u03b1\u03bb\u03bb\u03b9\u03c4\u03b5\u03c7\u03bd\u03b9\u03ba\u03ad\u03c2 \u03b4\u03b7\u03bc\u03b9\u03bf\u03c5\u03c1\u03b3\u03af\u03b5\u03c2. \u0391\u03c6\u03ae\u03c3\u03c4\u03b5 \u03c4\u03bf\u03bd \u03b5\u03b1\u03c5\u03c4\u03cc \u03c3\u03b1\u03c2 \u03bd\u03b1 \u03b5\u03ba\u03c0\u03bb\u03b1\u03b3\u03b5\u03af \u03b1\u03c0\u03cc \u03c4\u03b7\u03bd \u03bf\u03bc\u03bf\u03c1\u03c6\u03b9\u03ac \u03ba\u03b1\u03b9 \u03c4\u03bf \u03c3\u03c5\u03bd\u03b1\u03af\u03c3\u03b8\u03b7\u03bc\u03b1 \u03c0\u03bf\u03c5 \u03b1\u03bd\u03b1\u03b4\u03cd\u03b5\u03c4\u03b1\u03b9 \u03b1\u03c0\u03cc \u03ba\u03ac\u03b8\u03b5 \u03b5\u03b9\u03ba\u03cc\u03bd\u03b1. \u0395\u03be\u03b5\u03c1\u03b5\u03c5\u03bd\u03ae\u03c3\u03c4\u03b5 \u03c4\u03b7 \u03b4\u03b9\u03b1\u03b4\u03b9\u03ba\u03c4\u03c5\u03b1\u03ba\u03ae \u03bc\u03b1\u03c2 \u03c3\u03c5\u03bb\u03bb\u03bf\u03b3\u03ae \u03ba\u03b1\u03b9 \u03b1\u03c6\u03ae\u03c3\u03c4\u03b5 \u03c4\u03b7 \u03b4\u03bf\u03c5\u03bb\u03b5\u03b9\u03ac \u03bc\u03b1\u03c2 \u03bd\u03b1 \u03c3\u03b1\u03c2 \u03bc\u03b5\u03c4\u03b1\u03c6\u03ad\u03c1\u03b5\u03b9 \u03c3\u03b5 \u03bc\u03bf\u03bd\u03b1\u03b4\u03b9\u03ba\u03ad\u03c2 \u03b9\u03c3\u03c4\u03bf\u03c1\u03af\u03b5\u03c2, \u03b3\u03b5\u03bc\u03ac\u03c4\u03b5\u03c2 \u03b1\u03b3\u03ac\u03c0\u03b7, \u03c7\u03b1\u03c1\u03ac \u03ba\u03b1\u03b9 \u03c0\u03ac\u03b8\u03bf\u03c2. \u039a\u03b1\u03bb\u03ce\u03c2 \u03ae\u03c1\u03b8\u03b1\u03c4\u03b5 \u03c3\u03c4\u03bf\u03bd \u03ba\u03cc\u03c3\u03bc\u03bf \u03c4\u03b7\u03c2 \u03c6\u03c9\u03c4\u03bf\u03b3\u03c1\u03b1\u03c6\u03af\u03b1\u03c2 Igor Ochmiansky, \u03cc\u03c0\u03bf\u03c5 \u03ba\u03ac\u03b8\u03b5 \u03c6\u03c9\u03c4\u03bf\u03b3\u03c1\u03b1\u03c6\u03af\u03b1 \u03bb\u03ad\u03b5\u03b9 \u03bc\u03b9\u03b1 \u03b5\u03be\u03b1\u03b9\u03c1\u03b5\u03c4\u03b9\u03ba\u03ae \u03b9\u03c3\u03c4\u03bf\u03c1\u03af\u03b1.<\/p>\n<p>[\/et_pb_text][\/et_pb_column][\/et_pb_row][et_pb_row _builder_version=\u00a0\u00bb4.23.1&Prime; _module_preset=\u00a0\u00bbdefault\u00a0\u00bb min_height=\u00a0\u00bb18.8px\u00a0\u00bb custom_margin=\u00a0\u00bb-13px|auto||auto||\u00a0\u00bb custom_padding=\u00a0\u00bb6px|||||\u00a0\u00bb global_colors_info=\u00a0\u00bb{}\u00a0\u00bb][et_pb_column type=\u00a0\u00bb4_4&Prime; _builder_version=\u00a0\u00bb4.23.1&Prime; _module_preset=\u00a0\u00bbdefault\u00a0\u00bb global_colors_info=\u00a0\u00bb{}\u00a0\u00bb][et_pb_text _builder_version=\u00a0\u00bb4.23.1&Prime; _module_preset=\u00a0\u00bbdefault\u00a0\u00bb text_font=\u00a0\u00bbTrebuchet|600|||||||\u00a0\u00bb text_text_color=\u00a0\u00bb#438bc1&Prime; text_font_size=\u00a0\u00bb16px\u00a0\u00bb text_line_height=\u00a0\u00bb2.1em\u00a0\u00bb background_image=\u00a0\u00bbhttps:\/\/www.ochmiansky.fr\/wp-content\/uploads\/2023\/11\/IMG_0015.jpeg\u00a0\u00bb text_orientation=\u00a0\u00bbcenter\u00a0\u00bb width=\u00a0\u00bb87%\u00a0\u00bb module_alignment=\u00a0\u00bbcenter\u00a0\u00bb min_height=\u00a0\u00bb355px\u00a0\u00bb height=\u00a0\u00bb321px\u00a0\u00bb max_height=\u00a0\u00bb937px\u00a0\u00bb custom_padding=\u00a0\u00bb||205px|||\u00a0\u00bb global_colors_info=\u00a0\u00bb{}\u00a0\u00bb]<\/p>\n<p style=\"text-align: center;\">Discover the art of capturing the essence of the moment with Igor Ochmiansky. Immerse yourself in a world of captivating portraits and inspiring artistic creations. Let yourself be surprised by the beauty and emotion that emerges from each image. Explore our online gallery and let our work transport you into unique stories, filled with love, joy and passion. Welcome to the world of Igor Ochmiansky Photography, where each photo tells an extraordinary story.<\/p>\n<p>[\/et_pb_text][\/et_pb_column][\/et_pb_row][\/et_pb_section]<\/p>\n","protected":false},"excerpt":{"rendered":"<p>Redonner \u00e0 l&rsquo;humain la priorit\u00e9 et l&rsquo;essentiel, sortir des sentiers battus, ouvrir les coeurs.Immortaliser le beau et le sublime des \u00e2mes que nous rencontrons voil\u00e0 le merveilleux m\u00e9tier que j&rsquo;ai la joie d&rsquo;exercer. Un grand nombre d&rsquo;interviews illustrent mon travail de recherche spirituelle de ce monde.D\u00e9couvrez l&rsquo;art de capturer l&rsquo;essence de l&rsquo;instant avec Igor Ochmiansky. [&hellip;]<\/p>\n","protected":false},"author":1,"featured_media":0,"parent":0,"menu_order":0,"comment_status":"closed","ping_status":"open","template":"","meta":{"_et_pb_use_builder":"on","_et_pb_old_content":"<!-- wp:paragraph -->\n<p><\/p>\n<!-- \/wp:paragraph -->\n\n<!-- wp:paragraph -->\n<p>Re<\/p>\n<!-- \/wp:paragraph -->\n\n<!-- wp:quote -->\n<blockquote class=\"wp-block-quote\"><!-- wp:paragraph -->\n<p>Bonjour&nbsp;! Je suis un m\u00e9canicien qui aspire \u00e0 devenir acteur, et voici mon site. J\u2019habite \u00e0 Bordeaux, j\u2019ai un super chien baptis\u00e9 Russell, et j\u2019aime la vodka (ainsi qu\u2019\u00eatre surpris par la pluie soudaine lors de longues balades sur la plage au coucher du soleil).<\/p>\n<!-- \/wp:paragraph --><\/blockquote>\n<!-- \/wp:quote -->\n\n<!-- wp:paragraph -->\n<p>\u2026ou quelque chose comme cela&nbsp;:<\/p>\n<!-- \/wp:paragraph -->\n\n<!-- wp:quote -->\n<blockquote class=\"wp-block-quote\"><!-- wp:paragraph -->\n<p>La soci\u00e9t\u00e9 123 Machin Truc a \u00e9t\u00e9 cr\u00e9\u00e9e en 1971, et n\u2019a cess\u00e9 de proposer au public des machins-trucs de qualit\u00e9 depuis lors. Situ\u00e9e \u00e0 Saint-Remy-en-Bouzemont-Saint-Genest-et-Isson, 123 Machin Truc emploie 2 000 personnes, et fabrique toutes sortes de bidules supers pour la communaut\u00e9 bouzemontoise.<\/p>\n<!-- \/wp:paragraph --><\/blockquote>\n<!-- \/wp:quote -->\n\n<!-- wp:paragraph -->\n<p>En tant que nouvel utilisateur ou utilisatrice de WordPress, vous devriez vous rendre sur <a href=\"http:\/\/www.ochmiansky.fr\/wp-admin\/\">votre tableau de bord<\/a> pour supprimer cette page et cr\u00e9er de nouvelles pages pour votre contenu. Amusez-vous bien&nbsp;!<\/p>\n<!-- \/wp:paragraph -->","_et_gb_content_width":"1080","footnotes":""},"class_list":["post-2","page","type-page","status-publish","hentry"],"_links":{"self":[{"href":"https:\/\/www.ochmiansky.fr\/index.php\/wp-json\/wp\/v2\/pages\/2","targetHints":{"allow":["GET"]}}],"collection":[{"href":"https:\/\/www.ochmiansky.fr\/index.php\/wp-json\/wp\/v2\/pages"}],"about":[{"href":"https:\/\/www.ochmiansky.fr\/index.php\/wp-json\/wp\/v2\/types\/page"}],"author":[{"embeddable":true,"href":"https:\/\/www.ochmiansky.fr\/index.php\/wp-json\/wp\/v2\/users\/1"}],"replies":[{"embeddable":true,"href":"https:\/\/www.ochmiansky.fr\/index.php\/wp-json\/wp\/v2\/comments?post=2"}],"version-history":[{"count":25,"href":"https:\/\/www.ochmiansky.fr\/index.php\/wp-json\/wp\/v2\/pages\/2\/revisions"}],"predecessor-version":[{"id":828,"href":"https:\/\/www.ochmiansky.fr\/index.php\/wp-json\/wp\/v2\/pages\/2\/revisions\/828"}],"wp:attachment":[{"href":"https:\/\/www.ochmiansky.fr\/index.php\/wp-json\/wp\/v2\/media?parent=2"}],"curies":[{"name":"wp","href":"https:\/\/api.w.org\/{rel}","templated":true}]}}